{"id":492,"date":"2023-05-15T11:09:13","date_gmt":"2023-05-15T11:09:13","guid":{"rendered":"https:\/\/akademiamod.pl\/shop\/"},"modified":"2023-07-25T16:02:38","modified_gmt":"2023-07-25T16:02:38","slug":"shop","status":"publish","type":"page","link":"https:\/\/akademiamod.pl\/en\/shop\/","title":{"rendered":"Shop \u2013 Akademia MOD"},"content":{"rendered":"\n\n<section id=\"hero-block_6475d3ad19a74\" class=\"hero\">\n    <div class=\"container\">\n        <div class=\"hero__wrapper\">\n            <div class=\"hero__image\">\n                <img loading=\"lazy\" decoding=\"async\" width=\"1024\" height=\"839\" src=\"https:\/\/akademiamod.pl\/wp-content\/uploads\/2023\/05\/Akademiamod_logo-_1_-1.svg\" class=\"attachment-large size-large\" alt=\"\" \/>            <\/div>\n            <div class=\"hero__main\">\n                <h1 class=\"hero__title\">\n                    <span>MISTRZ<\/span><br \/>\nOSOBISTEJ<br \/>\nDOSKONA\u0141O\u015aCI                <\/h1>\n                <div class=\"hero__text\">\n                    <p>Kiedy czujesz, \u017ce m\u00f3g\u0142by\u015b lepiej\u2026 lub kiedy kto\u015b ci m\u00f3wi, \u017ce nie tego od Ciebie oczekiwa\u0142\u2026 czas aby zacz\u0105\u0107 stosowa\u0107 narz\u0119dzia ci\u0105g\u0142ej poprawy.<\/p>\n                <\/div>\n            <\/div>\n            <div class=\"hero__rows\">\n                                                        <div class=\"hero__row\">\n                        <h2 class=\"hero__row-number\">\n                            4520                        <\/h2>\n                        <div class=\"hero__row-text\">\n                            Completed training hours                        <\/div>\n                    <\/div>\n                                                        <div class=\"hero__row\">\n                        <h2 class=\"hero__row-number\">\n                            394                        <\/h2>\n                        <div class=\"hero__row-text\">\n                            Lean Six Sigma Green Belt certificates issued                        <\/div>\n                    <\/div>\n                                                        <div class=\"hero__row\">\n                        <h2 class=\"hero__row-number\">\n                            57                        <\/h2>\n                        <div class=\"hero__row-text\">\n                            Lean Six Sigma Black Belt certificates issued                        <\/div>\n                    <\/div>\n                            <\/div>\n        <\/div>\n    <\/div>\n<\/section>\n\n\n<section id=\"sklep\" class=\"products\">\n    <div class=\"container\">\n        <div class=\"products__categories\">\n                                            <div class=\"products__category\">\n                    <h2 class=\"products__category-title\">\n                        Ebooks                    <\/h2>\n                                        <div class=\"products__products\">\n                                                                                <div class=\"products__product\">\n                                <a href=\"https:\/\/akademiamod.pl\/en\/produkt\/im-a-mod-pdf-ebook\/\" class=\"products__product-image\">\n                                                                            <img srcset=\"https:\/\/akademiamod.pl\/wp-content\/uploads\/2023\/12\/Navy-Modern-the-Nature-Book-Cover-2-724x1024.png 576w, https:\/\/akademiamod.pl\/wp-content\/uploads\/2023\/12\/Navy-Modern-the-Nature-Book-Cover-2-724x1024.png\"\n                                             alt=\"\"I'm a MOD\" PDF ebook\" loading=\"lazy\">\n                                                                    <\/a>\n                                <div class=\"products__product-info\">\n                                    <a href=\"https:\/\/akademiamod.pl\/en\/produkt\/im-a-mod-pdf-ebook\/\" class=\"products__product-top\">\n                                        <h3 class=\"products__product-title\">\n                                            &#8220;I&#8217;m a MOD&#8221; PDF ebook                                        <\/h3>\n                                        <div class=\"products__product-description\">\n                                            Ksi\u0105\u017cka &#8220;Jestem MOD&#8221; w wersji elektronicznej w formacie PDF i EPUB.                                        <\/div>\n                                    <\/a>\n                                    <div class=\"products__product-bottom\">\n                                        <!-- display simple product price -->\n                                                                                    <div class=\"products__product-price simple\">\n                                                                                                    <p class='regular crossed'>\n                                                        60                                                        <span>&#122;&#322;<\/span>\n                                                    <\/p>\n                                                    <p class='sale'>\n                                                        60                                                        <span>&#122;&#322;<\/span>\n                                                    <\/p>\n                                                                                            <\/div>\n                                                                                <div class=\"products__product-buttons\">\n                                            <a href=\"https:\/\/akademiamod.pl\/en\/produkt\/im-a-mod-pdf-ebook\/\" class=\"products__product-button mainbutton mainbutton--secondary\">\n                                                Wi\u0119cej\n                                            <\/a>\n                                            <a href=\"https:\/\/akademiamod.pl?add-to-cart=1083\" class=\"products__product-button mainbutton\">\n                                                Dodaj do koszyka\n                                            <\/a>\n                                        <\/div>\n                                    <\/div>\n                                <\/div>\n                            <\/div>\n                                            <\/div>\n                <\/div>\n                    <\/div>\n    <\/div>\n<\/section>\n<section id=\"kontakt\" class=\"contact\">\n    <div class=\"container\">\n        <div class=\"contact__wrapper\">\n            <div class=\"contact__image\">\n                <img loading=\"lazy\" decoding=\"async\" width=\"768\" height=\"1024\" src=\"https:\/\/akademiamod.pl\/wp-content\/uploads\/2023\/05\/Image-1-768x1024.jpg\" class=\"attachment-large size-large\" alt=\"\" srcset=\"https:\/\/akademiamod.pl\/wp-content\/uploads\/2023\/05\/Image-1-768x1024.jpg 768w, https:\/\/akademiamod.pl\/wp-content\/uploads\/2023\/05\/Image-1-225x300.jpg 225w, https:\/\/akademiamod.pl\/wp-content\/uploads\/2023\/05\/Image-1-600x800.jpg 600w, https:\/\/akademiamod.pl\/wp-content\/uploads\/2023\/05\/Image-1.jpg 1152w\" sizes=\"auto, (max-width: 768px) 100vw, 768px\" \/>            <\/div>\n            <div class=\"contact__main\">\n                <h3 class=\"contact__title\">\n                    Contact form                <\/h3>\n                <h4 class=\"contact__subtitle\">\n                    If you have any questions, please contact me.                <\/h4>\n                <div class=\"contact__form\">\n                                            \n<div class=\"wpcf7 no-js\" id=\"wpcf7-f552-o1\" lang=\"en-US\" dir=\"ltr\">\n<div class=\"screen-reader-response\"><p role=\"status\" aria-live=\"polite\" aria-atomic=\"true\"><\/p> <ul><\/ul><\/div>\n<form action=\"\/en\/wp-json\/wp\/v2\/pages\/492#wpcf7-f552-o1\" method=\"post\" class=\"wpcf7-form init wpcf7-acceptance-as-validation\" aria-label=\"Contact form\" novalidate=\"novalidate\" data-status=\"init\">\n<div style=\"display: none;\">\n<input type=\"hidden\" name=\"_wpcf7\" value=\"552\" \/>\n<input type=\"hidden\" name=\"_wpcf7_version\" value=\"5.8.6\" \/>\n<input type=\"hidden\" name=\"_wpcf7_locale\" value=\"en_US\" \/>\n<input type=\"hidden\" name=\"_wpcf7_unit_tag\" value=\"wpcf7-f552-o1\" \/>\n<input type=\"hidden\" name=\"_wpcf7_container_post\" value=\"0\" \/>\n<input type=\"hidden\" name=\"_wpcf7_posted_data_hash\" value=\"\" \/>\n<input type=\"hidden\" name=\"_wpcf7_recaptcha_response\" value=\"\" \/>\n<\/div>\n<div class=\"form__row half\">\n\t<p><span class=\"wpcf7-form-control-wrap\" data-name=\"your-firstname\"><input size=\"40\" class=\"wpcf7-form-control wpcf7-text wpcf7-validates-as-required\" aria-required=\"true\" aria-invalid=\"false\" placeholder=\"full name*\" value=\"\" type=\"text\" name=\"your-firstname\" \/><\/span><br \/>\n<span class=\"wpcf7-form-control-wrap\" data-name=\"your-company\"><input size=\"40\" class=\"wpcf7-form-control wpcf7-text\" aria-invalid=\"false\" placeholder=\"company name\" value=\"\" type=\"text\" name=\"your-company\" \/><\/span>\n\t<\/p>\n<\/div>\n<div class=\"form__row half\">\n\t<p><span class=\"wpcf7-form-control-wrap\" data-name=\"your-email\"><input size=\"40\" class=\"wpcf7-form-control wpcf7-email wpcf7-validates-as-required wpcf7-text wpcf7-validates-as-email\" aria-required=\"true\" aria-invalid=\"false\" placeholder=\"e-mail*\" value=\"\" type=\"email\" name=\"your-email\" \/><\/span><br \/>\n<span class=\"wpcf7-form-control-wrap\" data-name=\"your-tel\"><input size=\"40\" class=\"wpcf7-form-control wpcf7-tel wpcf7-validates-as-required wpcf7-text wpcf7-validates-as-tel\" aria-required=\"true\" aria-invalid=\"false\" placeholder=\"phone*\" value=\"\" type=\"tel\" name=\"your-tel\" \/><\/span>\n\t<\/p>\n<\/div>\n<p><span id=\"wpcf7-69e024d6e41a2-wrapper\" class=\"wpcf7-form-control-wrap your-postcode-wrap\" style=\"display:none !important; visibility:hidden !important;\"><label for=\"postcode\" class=\"hp-message\">Please leave this field empty.<\/label><input id=\"postcode\"  placeholder=\"postal code\"  class=\"wpcf7-form-control wpcf7-text\" type=\"text\" name=\"your-postcode\" value=\"\" size=\"40\" tabindex=\"-1\" autocomplete=\"new-password\" \/><\/span><br \/>\n<\/p>\n<div class=\"form__row\">\n\t<p><span class=\"wpcf7-form-control-wrap\" data-name=\"your-message\"><textarea cols=\"40\" rows=\"5\" class=\"wpcf7-form-control wpcf7-textarea\" aria-invalid=\"false\" placeholder=\"Message..\" name=\"your-message\"><\/textarea><\/span>\n\t<\/p>\n<\/div>\n<div class=\"form__accceptances\">\n\t<div class=\"form__accceptance\">\n\t\t<p><span class=\"wpcf7-form-control-wrap\" data-name=\"acceptance-privacy\"><span class=\"wpcf7-form-control wpcf7-acceptance\"><span class=\"wpcf7-list-item\"><label><input type=\"checkbox\" name=\"acceptance-privacy\" value=\"1\" aria-invalid=\"false\" \/><span class=\"wpcf7-list-item-label\">I consent to the processing of my personal data provided in this form for contact purposes.<\/span><\/label><\/span><\/span><\/span>\n\t\t<\/p>\n\t<\/div>\n<\/div>\n<div class=\"submit__wrapper\">\n\t<p><input class=\"wpcf7-form-control wpcf7-submit has-spinner form__submit button\" type=\"submit\" value=\"Send message\" \/>\n\t<\/p>\n<\/div><div class=\"wpcf7-response-output\" aria-hidden=\"true\"><\/div>\n<\/form>\n<\/div>\n                                        <div class=\"contact__recaptcha\">\n                                                    This site is protected by reCAPTCHA and the <a href=\"https:\/\/policies.google.com\/privacy\" target=\"_blank\" rel=\"noopener noreferer nofollow\">Privacy Policy<\/a> and <a href=\"https:\/\/policies.google.com\/terms\" target=\"_blank\" rel=\"noopener noreferer nofollow\">Google Terms of Use<\/a>.\n                                            <\/div>\n                <\/div>\n                <div class=\"form__success\">\n                    <svg class=\"form__success-image\" width=\"512px\" height=\"512px\" viewBox=\"0 0 512 512\"\n                         xmlns=\"http:\/\/www.w3.org\/2000\/svg\">\n                        <polyline points=\"465 127 241 384 149 292\" style=\"fill:none;stroke-linecap:square;stroke-miterlimit:10;stroke-width:44px\"\/>\n                        <line x1=\"140\" y1=\"385\" x2=\"47\" y2=\"292\" style=\"fill:none;stroke-linecap:square;stroke-miterlimit:10;stroke-width:44px\"\/>\n                        <line x1=\"363\" y1=\"127\" x2=\"236\" y2=\"273\" style=\"fill:none;stroke-linecap:square;stroke-miterlimit:10;stroke-width:44px\"\/>\n                    <\/svg>\n                    <p class=\"form__success-title\">\n                                                    Thank you!\n                                            <\/p>\n                    <p class=\"form__success-text\">\n                                                    Your message has been sent.\n                                            <\/p>\n                <\/div>\n            <\/div>\n        <\/div>\n    <\/div>\n<\/section>","protected":false},"excerpt":{"rendered":"","protected":false},"author":1,"featured_media":0,"parent":0,"menu_order":0,"comment_status":"closed","ping_status":"closed","template":"","meta":{"inline_featured_image":false,"footnotes":""},"class_list":["post-492","page","type-page","status-publish","hentry"],"aioseo_notices":[],"ACF":false,"_links":{"self":[{"href":"https:\/\/akademiamod.pl\/en\/wp-json\/wp\/v2\/pages\/492","targetHints":{"allow":["GET"]}}],"collection":[{"href":"https:\/\/akademiamod.pl\/en\/wp-json\/wp\/v2\/pages"}],"about":[{"href":"https:\/\/akademiamod.pl\/en\/wp-json\/wp\/v2\/types\/page"}],"author":[{"embeddable":true,"href":"https:\/\/akademiamod.pl\/en\/wp-json\/wp\/v2\/users\/1"}],"replies":[{"embeddable":true,"href":"https:\/\/akademiamod.pl\/en\/wp-json\/wp\/v2\/comments?post=492"}],"version-history":[{"count":5,"href":"https:\/\/akademiamod.pl\/en\/wp-json\/wp\/v2\/pages\/492\/revisions"}],"predecessor-version":[{"id":546,"href":"https:\/\/akademiamod.pl\/en\/wp-json\/wp\/v2\/pages\/492\/revisions\/546"}],"wp:attachment":[{"href":"https:\/\/akademiamod.pl\/en\/wp-json\/wp\/v2\/media?parent=492"}],"curies":[{"name":"wp","href":"https:\/\/api.w.org\/{rel}","templated":true}]}}