{"id":553,"date":"2023-05-18T12:06:25","date_gmt":"2023-05-18T12:06:25","guid":{"rendered":"https:\/\/akademiamod.pl\/blog-akademia-mod\/"},"modified":"2023-07-26T21:09:41","modified_gmt":"2023-07-26T21:09:41","slug":"blog-akademia-mod","status":"publish","type":"page","link":"https:\/\/akademiamod.pl\/en\/blog-akademia-mod\/","title":{"rendered":"Blog &#8211; Akademia MOD"},"content":{"rendered":"\n\n\n<section id=\"blog-block_646614ac80a47\" class=\"blog\">\n    <div class=\"container\">\n        <h1 class=\"blog__title\">\n            Artyku\u0142y na temat narz\u0119dzi Lean Six Sigma i pracy Mistrza Osobistej doskona\u0142o\u015bci        <\/h1>\n        <div class=\"blog__text wysiwyg\">\n            <p>W przygotowaniu<\/p>\n        <\/div>\n        <div class=\"blog__wrapper\">\n                        \n            <!-- pagination -->\n                    <\/div>\n    <\/div>\n<\/section>\n","protected":false},"excerpt":{"rendered":"","protected":false},"author":1,"featured_media":0,"parent":0,"menu_order":0,"comment_status":"closed","ping_status":"closed","template":"pages\/page.php","meta":{"inline_featured_image":false,"footnotes":""},"class_list":["post-553","page","type-page","status-publish","hentry"],"aioseo_notices":[],"ACF":false,"_links":{"self":[{"href":"https:\/\/akademiamod.pl\/en\/wp-json\/wp\/v2\/pages\/553","targetHints":{"allow":["GET"]}}],"collection":[{"href":"https:\/\/akademiamod.pl\/en\/wp-json\/wp\/v2\/pages"}],"about":[{"href":"https:\/\/akademiamod.pl\/en\/wp-json\/wp\/v2\/types\/page"}],"author":[{"embeddable":true,"href":"https:\/\/akademiamod.pl\/en\/wp-json\/wp\/v2\/users\/1"}],"replies":[{"embeddable":true,"href":"https:\/\/akademiamod.pl\/en\/wp-json\/wp\/v2\/comments?post=553"}],"version-history":[{"count":1,"href":"https:\/\/akademiamod.pl\/en\/wp-json\/wp\/v2\/pages\/553\/revisions"}],"predecessor-version":[{"id":554,"href":"https:\/\/akademiamod.pl\/en\/wp-json\/wp\/v2\/pages\/553\/revisions\/554"}],"wp:attachment":[{"href":"https:\/\/akademiamod.pl\/en\/wp-json\/wp\/v2\/media?parent=553"}],"curies":[{"name":"wp","href":"https:\/\/api.w.org\/{rel}","templated":true}]}}