{"id":557,"date":"2023-05-25T14:08:24","date_gmt":"2023-05-25T14:08:24","guid":{"rendered":"https:\/\/akademiamod.pl\/szkolenia-akademia-mod\/"},"modified":"2023-07-26T22:38:48","modified_gmt":"2023-07-26T22:38:48","slug":"trainings","status":"publish","type":"page","link":"https:\/\/akademiamod.pl\/en\/trainings\/","title":{"rendered":"Szkolenia &#8211; Akademia MOD"},"content":{"rendered":"\n\n<section id=\"simplehero-block_646f702a1d311\" class=\"simplehero\">\n    <div class=\"container\">\n        <div class=\"simplehero__wrapper\">\n            <h1 class=\"simplehero__title\">\n                Szkolenia &#8211; Akademia MOD<br \/>\n            <\/h1>\n            <div class=\"simplehero__bottom\">\n                <div class=\"simplehero__text\">\n                    <ul>\n<li>Szkolenia realizowane s\u0105 w formie zdalnych sesji z trenerem na platformie Zoom.us.<\/li>\n<li>Zakres podzielony jest na ma\u0142e tematy.<\/li>\n<li>Ka\u017cda sesja to jeden temat po kt\u00f3rym uczestnik realizuje prac\u0119 domow\u0105.<\/li>\n<li>Sesje odbywaj\u0105 si\u0119 raz w tygodniu i trwaj\u0105 ok 60 minut.<\/li>\n<li>Dzie\u0144 i godzina sesji mo\u017ce by\u0107 ustalona dowolnie z grup\u0105 (pierwsza sesja jest ustawiona na sztywno).<\/li>\n<li>Sesje s\u0105 nagrywane a materia\u0142 wideo jest udost\u0119pniany uczestnikom.<\/li>\n<li>Przekazywane s\u0105 dedykowane materia\u0142y teoretyczne w formie .pdf<\/li>\n<li>Po wykonaniu wszystkich prac domowych przez uczestnika wysy\u0142any jest tradycyjny certyfikat.<\/li>\n<li>Ilo\u015b\u0107 i tematy sesji opisane s\u0105 przy ka\u017cdym szkoleniu.<\/li>\n<\/ul>\n                <\/div>\n                                    <div class=\"simplehero__buttons\">\n                                                                                                                                        <a class=\"simplehero__button mainbutton mainbutton--secondary\" href=\"#harmonogram\"\n                                   target=\"_self\">\n                                    Schedule of upcoming sessions                                <\/a>\n                                                                                                                                            <a class=\"simplehero__button mainbutton\"\n                                   href=\"https:\/\/akademiamod.pl\/sklep\/#sklep\"\n                                   target=\"_self\">\n                                    Check our shop                                <\/a>\n                                                                        <\/div>\n                            <\/div>\n        <\/div>\n    <\/div>\n<\/section>\n\n\n\n<section id=\"textcolumns-block_6470ac28b0745\" class=\"textcolumns\">\n    <div class=\"container\">\n        <h2 class=\"textcolumns__title\">\n            Koncepcja Szkolenia lider\u00f3w projekt\u00f3w DMAIC        <\/h2>\n        <div class=\"textcolumns__wrapper\">\n                            <div class=\"textcolumns__column wysiwyg\">\n                    <p>Szkolenie Lean Six Sigma Green Belt lub Black Belt bazuje na wsp\u00f3lnej realizacji projekt\u00f3w rozwi\u0105zywania problem\u00f3w i poprawy Lean Six Sigma \u2013 DMAIC. W ramach faz projektu mo\u017cna stosowa\u0107 r\u00f3\u017cnego rodzaju narz\u0119dzia w zale\u017cno\u015bci od skomplikowania tematu, jego zakresu, rangi klienta czy ryzyka biznesowego kryj\u0105cego si\u0119 za problemem. Green Belt potrafi realizowa\u0107 projekty w mniejszym zakresie skupiaj\u0105c si\u0119 na jednym wska\u017aniku poprawy.<\/p>\n                <\/div>\n                                        <div class=\"textcolumns__column wysiwyg\">\n                    <p>Aby uzyska\u0107 certyfikat Green Belt trzeba uko\u0144czy\u0107 szkolenie i uko\u0144czy\u0107 1 projekt. Aby uzyska\u0107 certyfikat Black Belt trzeba po uzyskaniu poziomu Green Belt uko\u0144czy\u0107 kolejne sesje teoretyczne i zako\u0144czy\u0107 drugi projekty. Black Belt musi cechowa\u0107 si\u0119 wi\u0119kszym do\u015bwiadczeniem, wi\u0119kszym wachlarzem mo\u017cliwych narz\u0119dzi do u\u017cycia i dodatkowo szersza gam\u0105 umiej\u0119tno\u015bci mi\u0119kkich.<\/p>\n<p>W ka\u017cdym przypadku szkolenie bazuje na skuteczno\u015bci realizacji w\u0142asnych projekt\u00f3w i sposobie rozwi\u0105zywania problem\u00f3w z u\u017cyciem odpowiednich narz\u0119dzi.<\/p>\n                <\/div>\n                    <\/div>\n    <\/div>\n<\/section>\n\n\n\n\n<section id=\"image-block_6470ac3ab0746\" class=\"image\">\n    <div class=\"container\">\n                    <\/div>\n<\/section>\n\n\n\n<section id=\"stages-block_6470ac55b0747\" class=\"stages\">\n    <div class=\"container\">\n        <h2 class=\"stages__title\">\n            Certyfikowane szkolenia Lean Six Sigma        <\/h2>\n                    <div class=\"stages__wrapper\">\n                                                        <div class=\"stages__stage\">\n\n                        <h3 class=\"stages__stage-title\">\n                            Green Belt                        <\/h3>\n                        <p class=\"stages__stage-text\">\n                            20 sesji + 1 projekt                        <\/p>\n                        <a class=\"stages__stage-button mainbutton mainbutton--secondary\"\n                           href=\"#etap-1\"\n                           target=\"_self\">\n                            Czytaj wi\u0119cej                        <\/a>\n                    <\/div>\n                                                        <div class=\"stages__stage\">\n\n                        <h3 class=\"stages__stage-title\">\n                            Black Belt                        <\/h3>\n                        <p class=\"stages__stage-text\">\n                            10 sesji + 10 konsultacji + 1 projekt                        <\/p>\n                        <a class=\"stages__stage-button mainbutton mainbutton--secondary\"\n                           href=\"#etap-2\"\n                           target=\"_self\">\n                            Czytaj wi\u0119cej                        <\/a>\n                    <\/div>\n                            <\/div>\n                <h3 class=\"stages__extra\">\n                    <\/h3>\n    <\/div>\n<\/section>\n\n\n\n<div class=\"wp-block-group\"><div class=\"wp-block-group__inner-container is-layout-constrained wp-block-group-is-layout-constrained\">\n\n<section id=\"etap-1\" class=\"trainingdescription\">\n    <div class=\"container\">\n        <h2 class=\"trainingdescription__title\">\n            Lean Six Sigma Green Belt        <\/h2>\n        <div class=\"trainingdescription__text wysiwyg\">\n            <ul>\n<li style=\"text-align: left;\">Zrozumienie Lean Six Sigma: Zapoznanie si\u0119 z podstawowymi za\u0142o\u017ceniami i filozofi\u0105 Lean Six Sigma oraz roli Green Belt w procesie doskonalenia jako\u015bci.<\/li>\n<li style=\"text-align: left;\">Metodologia DMAIC: Nauka procesu DMAIC (Define, Measure, Analyze, Improve, Control) jako struktury, kt\u00f3ra prowadzi do doskonalenia proces\u00f3w biznesowych.<\/li>\n<li style=\"text-align: left;\">Narz\u0119dzia i techniki analizy: Poznanie r\u00f3\u017cnych narz\u0119dzi i technik u\u017cywanych w Lean Six Sigma, takich jak analiza przyczynowo-skutkowa, wykresy przyczyn i skutk\u00f3w, diagram Pareto, wykresy kontrolne, mapa strumienia warto\u015bci, itp.<\/li>\n<li style=\"text-align: left;\">Pomiar jako\u015bci: Nauczenie si\u0119, jak skutecznie zbiera\u0107 i analizowa\u0107 dane w celu oceny wydajno\u015bci proces\u00f3w i identyfikacji obszar\u00f3w do doskonalenia.<\/li>\n<li style=\"text-align: left;\">Rozwi\u0105zywanie problem\u00f3w: Rozwijanie zdolno\u015bci do identyfikacji i eliminacji przyczyn problem\u00f3w oraz wdra\u017cania rozwi\u0105za\u0144 zapobiegaj\u0105cych ich powrotom.<\/li>\n<li style=\"text-align: left;\">Doskonalenie proces\u00f3w: Wykorzystanie narz\u0119dzi i technik Lean Six Sigma do zwi\u0119kszenia wydajno\u015bci, redukcji marnotrawstwa, skracania cyklu produkcyjnego i poprawy jako\u015bci produkt\u00f3w i us\u0142ug.<\/li>\n<li style=\"text-align: left;\">Wdra\u017canie zmian: Rozwijanie umiej\u0119tno\u015bci w zarz\u0105dzaniu zmian\u0105, aby zapewni\u0107 skuteczne wdro\u017cenie zidentyfikowanych usprawnie\u0144 i unikanie oporu.<\/li>\n<li style=\"text-align: left;\">Praca z zespo\u0142ami: Rozwijanie zdolno\u015bci do efektywnej pracy w zespo\u0142ach projektowych, kt\u00f3re sk\u0142adaj\u0105 si\u0119 z przedstawicieli r\u00f3\u017cnych obszar\u00f3w organizacji.<\/li>\n<li style=\"text-align: left;\">Proces kontroli: Nauka metodyki kontroli, kt\u00f3ra pozwala monitorowa\u0107 i utrzymywa\u0107 osi\u0105gni\u0119te wyniki, aby zapewni\u0107, \u017ce poprawki s\u0105 utrzymywane w czasie.<\/li>\n<li style=\"text-align: left;\">Przygotowanie do egzaminu certyfikacyjnego: Szkolenie powinno przygotowa\u0107 uczestnik\u00f3w do pomy\u015blnego zdanego egzaminu certyfikacyjnego na Lean Six Sigma Green Belt.<\/li>\n<\/ul>\n        <\/div>\n        <div class=\"trainingdescription__wrapper\">\n                            <div class=\"trainingdescription__column wysiwyg\">\n                    <h3>Tematy sesji:<\/h3>\n<h4>DEFINE<\/h4>\n<p>1. Jako\u015b\u0107 w ka\u017cdej relacji &#8211; DELTA ZERO<\/p>\n<p>2. Proces i jego otoczenie &#8211; SIPOC<\/p>\n<p>3. Definiowanie mierzalnych oczekiwa\u0144 &#8211; CTQ vs SMART<\/p>\n<p>4. Tworzenie business case<\/p>\n<p>5. Zakres i plan projektu<\/p>\n<h4>MEASURE<\/h4>\n<p>6. Tworzenie systemu pomiarowego<\/p>\n<p>7. Gage R&amp;R<\/p>\n<p>8. Zmienno\u015b\u0107 wynik\u00f3w w czasie &#8211; Arkusz i wykres kontrolny<\/p>\n<p>9. Podsumowanie zmienno\u015bci &#8211; HISTROGRAM<\/p>\n<p>10. Mapowanie czynno\u015bci &#8211; Mapa tor\u00f3w wodnych<\/p>\n<h4>ANALYSE<\/h4>\n<p>11. Organizacja burzy m\u00f3zg\u00f3w &#8211; praca moderatora<\/p>\n<p>12. Poszukiwanie przyczyn zmienno\u015bci &#8211; Analiza wykres\u00f3w<\/p>\n<p>13. Identyfikacja marnotrawstwa &#8211; MUDA<\/p>\n<p>14. 6 obszar\u00f3w przyczyn problem\u00f3w &#8211; ISHIKAWA<\/p>\n<p>15. Prosta analiza hipotez statystycznych<\/p>\n<p>16. Projektowanie eksperyment\u00f3w &#8211; DoE<\/p>\n<h4>IMPROVE<\/h4>\n<p>17. Generowanie kreatywnych rozwi\u0105za\u0144,<\/p>\n<p>18. Tworzenie planu akcji<\/p>\n<h4><strong>CONTROL<\/strong><\/h4>\n<p>19. Tworzenie standard\u00f3w<\/p>\n<p>20. SPC w praktyce<\/p>\n                <\/div>\n                                        <div class=\"trainingdescription__column wysiwyg\">\n                    <p><img loading=\"lazy\" decoding=\"async\" class=\"alignnone size-medium wp-image-207\" src=\"http:\/\/localhost:8081\/akademiamod\/wp-content\/uploads\/2023\/05\/Image-4-204x300.jpg\" alt=\"\" width=\"204\" height=\"300\" srcset=\"https:\/\/akademiamod.pl\/wp-content\/uploads\/2023\/05\/Image-4-204x300.jpg 204w, https:\/\/akademiamod.pl\/wp-content\/uploads\/2023\/05\/Image-4-696x1024.jpg 696w, https:\/\/akademiamod.pl\/wp-content\/uploads\/2023\/05\/Image-4-768x1131.jpg 768w, https:\/\/akademiamod.pl\/wp-content\/uploads\/2023\/05\/Image-4-1043x1536.jpg 1043w, https:\/\/akademiamod.pl\/wp-content\/uploads\/2023\/05\/Image-4-600x883.jpg 600w, https:\/\/akademiamod.pl\/wp-content\/uploads\/2023\/05\/Image-4.jpg 1152w\" sizes=\"auto, (max-width: 204px) 100vw, 204px\" \/><\/p>\n                <\/div>\n                    <\/div>\n                                <a class=\"trainingdescription__button mainbutton mainbutton--secondary\" href=\"#harmonogram\"\n               target=\"_self\">\n                Schedule of upcoming sessions            <\/a>\n            <\/div>\n<\/section>\n<\/div><\/div>\n\n\n\n\n<section id=\"etap-2\" class=\"trainingdescription\">\n    <div class=\"container\">\n        <h2 class=\"trainingdescription__title\">\n            Etap 2 &#8211; Black Belt        <\/h2>\n        <div class=\"trainingdescription__text wysiwyg\">\n            <p>Je\u017celi uczestnik uko\u0144czy\u0142 ju\u017c wcze\u015bniej szkolenie na Green Belt w Akadeamia MOD lub PROMAKO to mo\u017ce przyst\u0105pi\u0107 do drugiego etapu natychmiast.<\/p>\n<p>Je\u017celi kandydat na Black Belt uzyska\u0142 certyfikat Green Belt Lean Six Sigma u innego trenera lub organizacji, wymagana jest wst\u0119pna kalibracja wiedzy. Polega to na przes\u0142aniu prezentacji projektu, kt\u00f3ry by\u0142 realizowany na cele certyfikacji Green Belt, i rozmowie na jego temat przez telefon lub zoom.us. Istnieje mo\u017cliwo\u015b\u0107 przeprowadzenia 1-3 godzinnych konsultacji p\u0142atnych przed przyst\u0105pieniem do etapu 2.<\/p>\n<p>Lider z wiedz\u0105 na poziomie Black Belt b\u0119dzie m\u00f3g\u0142 sam poprowadzi\u0107 projekt z zespo\u0142em w celu rozwi\u0105zania powracaj\u0105cego i ukrytego problemu w dowolnie z\u0142o\u017conym procesie (r\u00f3wnie\u017c END to END). Jednocze\u015bnie jest sta\u0142ym wsparciem dla ca\u0142ej organizacji w obszarach ci\u0105g\u0142ej poprawy.<\/p>\n<p><strong>Black Belt najlepiej sprawdza si\u0119 w samodzielnej roli w organizacji gdzie mo\u017ce by\u0107:<\/strong><\/p>\n<ul>\n<li>partnerem dla kierownictwa w celu prawid\u0142owego okre\u015blenia cel\u00f3w i zmian operacyjnych oraz wskazania zasob\u00f3w do ich realizacji,<\/li>\n<li>wsparciem merytorycznym dla grupy Green Belt\u00f3w realizuj\u0105cych cyklicznie mniejsze projekty optymalizuj\u0105ce,<\/li>\n<li>trenerem i konsultantem wewn\u0119trznym podnosz\u0105cym umiej\u0119tno\u015bci w\u015br\u00f3d pracownik\u00f3w pozwalaj\u0105ce na ci\u0105g\u0142\u0105 popraw\u0119 wynik\u00f3w,<\/li>\n<li>prowadz\u0105cym w\u0142asne z\u0142o\u017cone projekty poprawy jako\u015bci oraz osob\u0105 reprezentuj\u0105c\u0105 firm\u0119 w kontaktach z klientem zewn\u0119trznym.<\/li>\n<\/ul>\n<p>Drugi etap drogi do uzyskania sk\u0142ada r\u00f3wnie\u017c si\u0119 z 20 sesji on-line prowadzonych na \u017cywo z trenerem. Ka\u017cda sesja trwa 45 minut i na jaj zako\u0144czenie przesy\u0142any jest materia\u0142 w formie pdf omawiaj\u0105cy temat. Godziny i cz\u0119stotliwo\u015b\u0107 sesji ustalana jest zawsze z uczestnikami. Pozawala to na elastyczne podej\u015bcie do dni wolnych i nag\u0142ych, losowych wypadk\u00f3w. Mo\u017cliwe s\u0105 godziny poranne jak i wieczorne.<\/p>\n<p>W przypadku drugiego etapu na poziom Black Belt uwzgl\u0119dnionych jest 10 sesji tematycznych z \u0107wiczeniami i 10 sesji w ramach kt\u00f3rych mo\u017cna przeprowadzi\u0107 konsultacje 1:1 na temat prowadzonego projektu.<\/p>\n        <\/div>\n        <div class=\"trainingdescription__wrapper\">\n                            <div class=\"trainingdescription__column wysiwyg\">\n                    <h3>Tematy sesji:<\/h3>\n<p>1. Definiowanie listy projekt\u00f3w<\/p>\n<p>2. Analiza ryzyka przez FMEA<\/p>\n<p>3. Ocena Gage R&amp;R dla test\u00f3w niszcz\u0105cych<\/p>\n<p>4. MiniTab \u2013 ocena statystyczna proces\u00f3w<\/p>\n<p>5. MiniTab \u2013 weryfikacja hipotez<\/p>\n<p>6. MiniTab \u2013 DoE<\/p>\n<p>7. Metoda poszukiwania nowych rozwi\u0105za\u0144 \u2013 TRIZ<\/p>\n<p>8. Prewencyjne utrzymanie proces\u00f3w \u2013 TPM<\/p>\n<p>9. Lean Six Sigma a ISO 9001:2015<\/p>\n<p>10. 10 konsultacji projektowych<\/p>\n                <\/div>\n                                        <div class=\"trainingdescription__column wysiwyg\">\n                    <p><img loading=\"lazy\" decoding=\"async\" class=\"alignnone size-medium wp-image-209\" src=\"http:\/\/localhost:8081\/akademiamod\/wp-content\/uploads\/2023\/05\/Image-5-300x185.jpg\" alt=\"\" width=\"300\" height=\"185\" srcset=\"https:\/\/akademiamod.pl\/wp-content\/uploads\/2023\/05\/Image-5-300x185.jpg 300w, https:\/\/akademiamod.pl\/wp-content\/uploads\/2023\/05\/Image-5-1024x633.jpg 1024w, https:\/\/akademiamod.pl\/wp-content\/uploads\/2023\/05\/Image-5-768x475.jpg 768w, https:\/\/akademiamod.pl\/wp-content\/uploads\/2023\/05\/Image-5-600x371.jpg 600w, https:\/\/akademiamod.pl\/wp-content\/uploads\/2023\/05\/Image-5.jpg 1152w\" sizes=\"auto, (max-width: 300px) 100vw, 300px\" \/><\/p>\n                <\/div>\n                    <\/div>\n                                <a class=\"trainingdescription__button mainbutton mainbutton--secondary\" href=\"#harmonogram\"\n               target=\"_self\">\n                Schedule of upcoming sessions            <\/a>\n            <\/div>\n<\/section>\n\n\n\n\n<section id=\"projekt-certyfikujacy\" class=\"trainingdescription\">\n    <div class=\"container\">\n        <h2 class=\"trainingdescription__title\">\n            Projekt certyfikuajcy        <\/h2>\n        <div class=\"trainingdescription__text wysiwyg\">\n            <p>Aby otrzyma\u0107 certyfikat Lean Six Sigma Black Belt trzeba obroni\u0107 jeden projekt. Projekt mo\u017ce dotyczy\u0107 problemu istniej\u0105cego w organizacji lub dowolnego innego procesu. Ka\u017cdy z projekt\u00f3w musi zawiera\u0107 nast\u0119puj\u0105ce elementy aby uzyska\u0107 odpowiedni\u0105 liczb\u0119 punkt\u00f3w na certyfikacj\u0119:<\/p>\n<ul>\n<li>szczeg\u00f3\u0142ow\u0105 map\u0119 procesu wraz z analiz\u0105 FMEA,<\/li>\n<li>przeprowadzona weryfikacja systemu pomiarowego metoda Gage R&amp;R,<\/li>\n<li>przeprowadzony eksperyment zgodnie z metodologi\u0105 DoE<\/li>\n<li>zdj\u0119cia z realizowanych wsp\u00f3lnie z zespo\u0142em \u0107wicze\u0144 i spotka\u0144,<\/li>\n<li>komentarze do ka\u017cdego zdj\u0119cia i wykresu,<\/li>\n<li>jasny i kompletny plan akcji.<\/li>\n<\/ul>\n<p><strong>Og\u00f3lne zasady wyboru projektu z obszaru istniej\u0105cej organizacji:<\/strong><\/p>\n<ul>\n<li>szacunkowe oszcz\u0119dno\u015bci z projektu powinny by\u0107 znacz\u0105ce dla organizacji,<\/li>\n<li>problem powinien by\u0107 widoczny w istniej\u0105cym procesie,<\/li>\n<li>nie ma rozwi\u0105zania na wskazany problem ( je\u017celi masz ju\u017c dobre rozwi\u0105zanie po prostu je wprowad\u017a).<\/li>\n<\/ul>\n        <\/div>\n        <div class=\"trainingdescription__wrapper\">\n                                <\/div>\n            <\/div>\n<\/section>\n\n\n\n\n\n\n<section id=\"harmonogram\" class=\"schedule\">\n    <div class=\"container\">\n        <div class=\"schedule__wrapper\">\n            <h1 class=\"schedule__title\">\n                Harmonogram            <\/h1>\n            <div class=\"schedule__calendar\" data-trainings=\"[]\">\n                <div id=\"calendar\"><\/div>\n            <\/div>\n        <\/div>\n    <\/div>\n<\/section>","protected":false},"excerpt":{"rendered":"","protected":false},"author":1,"featured_media":0,"parent":0,"menu_order":0,"comment_status":"closed","ping_status":"closed","template":"pages\/page.php","meta":{"inline_featured_image":false,"footnotes":""},"class_list":["post-557","page","type-page","status-publish","hentry"],"aioseo_notices":[],"ACF":false,"_links":{"self":[{"href":"https:\/\/akademiamod.pl\/en\/wp-json\/wp\/v2\/pages\/557","targetHints":{"allow":["GET"]}}],"collection":[{"href":"https:\/\/akademiamod.pl\/en\/wp-json\/wp\/v2\/pages"}],"about":[{"href":"https:\/\/akademiamod.pl\/en\/wp-json\/wp\/v2\/types\/page"}],"author":[{"embeddable":true,"href":"https:\/\/akademiamod.pl\/en\/wp-json\/wp\/v2\/users\/1"}],"replies":[{"embeddable":true,"href":"https:\/\/akademiamod.pl\/en\/wp-json\/wp\/v2\/comments?post=557"}],"version-history":[{"count":16,"href":"https:\/\/akademiamod.pl\/en\/wp-json\/wp\/v2\/pages\/557\/revisions"}],"predecessor-version":[{"id":593,"href":"https:\/\/akademiamod.pl\/en\/wp-json\/wp\/v2\/pages\/557\/revisions\/593"}],"wp:attachment":[{"href":"https:\/\/akademiamod.pl\/en\/wp-json\/wp\/v2\/media?parent=557"}],"curies":[{"name":"wp","href":"https:\/\/api.w.org\/{rel}","templated":true}]}}